{"id":24,"date":"2022-03-04T16:44:52","date_gmt":"2022-03-04T15:44:52","guid":{"rendered":"http:\/\/frappieren.de\/?page_id=24"},"modified":"2022-06-25T22:37:32","modified_gmt":"2022-06-25T20:37:32","slug":"wohngemeinschaft","status":"publish","type":"page","link":"https:\/\/frappieren.de\/en\/wohngemeinschaft\/","title":{"rendered":"Wohngemeinschaft"},"content":{"rendered":"<div class=\"wp-block-columns is-layout-flex wp-container-core-columns-is-layout-28f84493 wp-block-columns-is-layout-flex\">\n<div class=\"wp-block-column is-layout-flow wp-block-column-is-layout-flow\">\n<figure class=\"wp-block-image size-full\"><img fetchpriority=\"high\" decoding=\"async\" width=\"398\" height=\"398\" src=\"https:\/\/frappieren.de\/wp-content\/uploads\/2022\/06\/toby.png\" alt=\"\" class=\"wp-image-148\" srcset=\"https:\/\/frappieren.de\/wp-content\/uploads\/2022\/06\/toby.png 398w, https:\/\/frappieren.de\/wp-content\/uploads\/2022\/06\/toby-300x300.png 300w, https:\/\/frappieren.de\/wp-content\/uploads\/2022\/06\/toby-150x150.png 150w, https:\/\/frappieren.de\/wp-content\/uploads\/2022\/06\/toby-12x12.png 12w\" sizes=\"(max-width: 398px) 100vw, 398px\" \/><\/figure>\n\n\n\n<p>Tobi ist 36 Jahre alt, Katzenmann und Zocker. Er liebt die ersten drei Kaffees des Tages, hat sich schon selbst lange \u00fcberlebt und ist \u00f6fter &#8222;im Space&#8220; als zu Hause. Und er ist Bruder. <\/p>\n<\/div>\n\n\n\n<div class=\"wp-block-column is-layout-flow wp-block-column-is-layout-flow\">\n<figure class=\"wp-block-image size-full\"><img decoding=\"async\" width=\"400\" height=\"400\" src=\"https:\/\/frappieren.de\/wp-content\/uploads\/2022\/06\/meinAvatar.png\" alt=\"\" class=\"wp-image-146\" srcset=\"https:\/\/frappieren.de\/wp-content\/uploads\/2022\/06\/meinAvatar.png 400w, https:\/\/frappieren.de\/wp-content\/uploads\/2022\/06\/meinAvatar-300x300.png 300w, https:\/\/frappieren.de\/wp-content\/uploads\/2022\/06\/meinAvatar-150x150.png 150w, https:\/\/frappieren.de\/wp-content\/uploads\/2022\/06\/meinAvatar-12x12.png 12w\" sizes=\"(max-width: 400px) 100vw, 400px\" \/><\/figure>\n\n\n\n<p>Cloudy ist 41 Jahre alt Weltreisende und Standup-Paddlerin. Sie liebt Pasta in Rotweinso\u00dfe, hat mal einem Pinguin das Leben gerettet und macht Frieden. Und sie ist Schwester. <\/p>\n<\/div>\n<\/div>\n\n\n\n<div class=\"wp-block-columns alignwide is-layout-flex wp-container-core-columns-is-layout-28f84493 wp-block-columns-is-layout-flex\">\n<div class=\"wp-block-column is-layout-flow wp-block-column-is-layout-flow\">\n<figure class=\"wp-block-image size-large\"><img decoding=\"async\" width=\"1024\" height=\"576\" src=\"https:\/\/frappieren.de\/wp-content\/uploads\/2022\/06\/ll-1024x576.jpg\" alt=\"\" class=\"wp-image-152\" srcset=\"https:\/\/frappieren.de\/wp-content\/uploads\/2022\/06\/ll-1024x576.jpg 1024w, https:\/\/frappieren.de\/wp-content\/uploads\/2022\/06\/ll-300x169.jpg 300w, https:\/\/frappieren.de\/wp-content\/uploads\/2022\/06\/ll-768x432.jpg 768w, https:\/\/frappieren.de\/wp-content\/uploads\/2022\/06\/ll-1536x864.jpg 1536w, https:\/\/frappieren.de\/wp-content\/uploads\/2022\/06\/ll-2048x1152.jpg 2048w, https:\/\/frappieren.de\/wp-content\/uploads\/2022\/06\/ll-18x10.jpg 18w, https:\/\/frappieren.de\/wp-content\/uploads\/2022\/06\/ll-2000x1125.jpg 2000w\" sizes=\"(max-width: 1024px) 100vw, 1024px\" \/><\/figure>\n\n\n\n<h2 class=\"has-black-color has-text-color has-medium-font-size wp-block-heading\">Augustine &amp; K\u00e4the<\/h2>\n\n\n\n<p class=\"has-text-color\" style=\"color:#7a7a7a\">Tochter und Mutter. Vor f\u00fcnf Jahren lief K\u00e4the eines nachts im kalten M\u00e4rz allein am K\u00e4the-Kollwitz-Ufer entlang. Seitdem lebt sie mit ihrer nur wenige Tage sp\u00e4ter geborenen Tochter im Hasenparadies.<\/p>\n<\/div>\n\n\n\n<div class=\"wp-block-column is-layout-flow wp-block-column-is-layout-flow\">\n<figure class=\"wp-block-image size-large\"><img loading=\"lazy\" decoding=\"async\" width=\"1024\" height=\"576\" src=\"https:\/\/frappieren.de\/wp-content\/uploads\/2022\/06\/l-1024x576.jpg\" alt=\"\" class=\"wp-image-150\" srcset=\"https:\/\/frappieren.de\/wp-content\/uploads\/2022\/06\/l-1024x576.jpg 1024w, https:\/\/frappieren.de\/wp-content\/uploads\/2022\/06\/l-300x169.jpg 300w, https:\/\/frappieren.de\/wp-content\/uploads\/2022\/06\/l-768x432.jpg 768w, https:\/\/frappieren.de\/wp-content\/uploads\/2022\/06\/l-1536x864.jpg 1536w, https:\/\/frappieren.de\/wp-content\/uploads\/2022\/06\/l-2048x1152.jpg 2048w, https:\/\/frappieren.de\/wp-content\/uploads\/2022\/06\/l-18x10.jpg 18w, https:\/\/frappieren.de\/wp-content\/uploads\/2022\/06\/l-2000x1125.jpg 2000w\" sizes=\"(max-width: 1024px) 100vw, 1024px\" \/><\/figure>\n\n\n\n<h2 class=\"has-medium-font-size wp-block-heading\">Lotte<\/h2>\n\n\n\n<p class=\"has-text-color\" style=\"color:#7a7a7a\">Im sp\u00e4ten ersten Corona-Sommer kam sie als kleines K\u00e4tzchen in unseren Hof und blieb. Sie ist immer noch ein zartes Ding. Nachts verjagt sie F\u00fcchse und Marder, tags\u00fcber chillt sie zu Hause.<\/p>\n<\/div>\n\n\n\n<div class=\"wp-block-column is-layout-flow wp-block-column-is-layout-flow\">\n<figure class=\"wp-block-image size-large\"><img loading=\"lazy\" decoding=\"async\" width=\"1024\" height=\"576\" src=\"https:\/\/frappieren.de\/wp-content\/uploads\/2022\/06\/r-1024x576.jpg\" alt=\"\" class=\"wp-image-151\" srcset=\"https:\/\/frappieren.de\/wp-content\/uploads\/2022\/06\/r-1024x576.jpg 1024w, https:\/\/frappieren.de\/wp-content\/uploads\/2022\/06\/r-300x169.jpg 300w, https:\/\/frappieren.de\/wp-content\/uploads\/2022\/06\/r-768x432.jpg 768w, https:\/\/frappieren.de\/wp-content\/uploads\/2022\/06\/r-1536x864.jpg 1536w, https:\/\/frappieren.de\/wp-content\/uploads\/2022\/06\/r-2048x1152.jpg 2048w, https:\/\/frappieren.de\/wp-content\/uploads\/2022\/06\/r-18x10.jpg 18w, https:\/\/frappieren.de\/wp-content\/uploads\/2022\/06\/r-2000x1125.jpg 2000w\" sizes=\"(max-width: 1024px) 100vw, 1024px\" \/><\/figure>\n\n\n\n<h2 class=\"has-medium-font-size wp-block-heading\"><strong>Patendackel<\/strong>chen<\/h2>\n\n\n\n<p class=\"has-text-color\" style=\"color:#7a7a7a\">Die Kleine wohnt ab und an bei uns und fegt seitdem sie acht Wochen alt ist durch unsere Wohnung. Sie hat die Hasen und die Katze zum Fressen gern. Die sehen das anders.<\/p>\n<\/div>\n<\/div>\n\n\n\n<div style=\"height:100px\" aria-hidden=\"true\" class=\"wp-block-spacer\"><\/div>\n\n\n\n<div class=\"wp-block-cover alignfull is-light has-parallax\" style=\"padding-top:50px;padding-right:50px;padding-bottom:50px;padding-left:50px;background-image:url(https:\/\/frappieren.de\/wp-content\/uploads\/2022\/03\/20220131_130608-scaled.jpg);min-height:500px;aspect-ratio:unset;\"><span aria-hidden=\"true\" class=\"wp-block-cover__background has-black-background-color has-background-dim\"><\/span><div class=\"wp-block-cover__inner-container is-layout-flow wp-block-cover-is-layout-flow\">\n<p class=\"has-text-align-center has-large-font-size\"><\/p>\n<\/div><\/div>","protected":false},"excerpt":{"rendered":"<p>Tobi ist 36 Jahre alt, Katzenmann und Zocker. Er liebt die ersten drei Kaffees des Tages, hat sich schon selbst lange \u00fcberlebt und ist \u00f6fter &#8222;im Space&#8220; als zu Hause. Und er ist Bruder. Cloudy ist 41 Jahre alt Weltreisende und Standup-Paddlerin. Sie liebt Pasta in Rotweinso\u00dfe, hat mal einem Pinguin das Leben gerettet und &hellip; <\/p>\n<p class=\"link-more\"><a href=\"https:\/\/frappieren.de\/en\/wohngemeinschaft\/\" class=\"more-link\">Read more<span class=\"screen-reader-text\"> &#8222;Wohngemeinschaft&#8220;<\/span><\/a><\/p>","protected":false},"author":1,"featured_media":100,"parent":0,"menu_order":0,"comment_status":"closed","ping_status":"closed","template":"","meta":{"jetpack_post_was_ever_published":false,"inspiro_hide_title":false,"footnotes":""},"class_list":["post-24","page","type-page","status-publish","has-post-thumbnail","hentry"],"jetpack_likes_enabled":true,"jetpack_sharing_enabled":true,"_links":{"self":[{"href":"https:\/\/frappieren.de\/en\/wp-json\/wp\/v2\/pages\/24","targetHints":{"allow":["GET"]}}],"collection":[{"href":"https:\/\/frappieren.de\/en\/wp-json\/wp\/v2\/pages"}],"about":[{"href":"https:\/\/frappieren.de\/en\/wp-json\/wp\/v2\/types\/page"}],"author":[{"embeddable":true,"href":"https:\/\/frappieren.de\/en\/wp-json\/wp\/v2\/users\/1"}],"replies":[{"embeddable":true,"href":"https:\/\/frappieren.de\/en\/wp-json\/wp\/v2\/comments?post=24"}],"version-history":[{"count":10,"href":"https:\/\/frappieren.de\/en\/wp-json\/wp\/v2\/pages\/24\/revisions"}],"predecessor-version":[{"id":212,"href":"https:\/\/frappieren.de\/en\/wp-json\/wp\/v2\/pages\/24\/revisions\/212"}],"wp:featuredmedia":[{"embeddable":true,"href":"https:\/\/frappieren.de\/en\/wp-json\/wp\/v2\/media\/100"}],"wp:attachment":[{"href":"https:\/\/frappieren.de\/en\/wp-json\/wp\/v2\/media?parent=24"}],"curies":[{"name":"wp","href":"https:\/\/api.w.org\/{rel}","templated":true}]}}